{"id":44,"date":"2024-01-08T12:25:42","date_gmt":"2024-01-08T11:25:42","guid":{"rendered":"https:\/\/www.ebimct.com\/?page_id=44"},"modified":"2024-12-09T12:02:27","modified_gmt":"2024-12-09T11:02:27","slug":"empresa","status":"publish","type":"page","link":"http:\/\/www.ebimct.com\/ca\/empresa\/","title":{"rendered":"Empresa"},"content":{"rendered":"<section class=\"bde-section-44-100 bde-section\">\n  \n  \n\t\n\n\n\n<div class=\"section-container\"><h1 class=\"bde-heading-44-101 bde-heading\">\nEbim,<br>Empresa\n<\/h1><div class=\"bde-breadcrumbs-44-125 bde-breadcrumbs\">\n\n<\/div><\/div>\n<\/section><section class=\"bde-section-44-102 bde-section\">\n  \n  \n\t\n\n\n\n<div class=\"section-container\"><h2 class=\"bde-heading-44-103 bde-heading\">\nSobre nosotros\n<\/h2><div class=\"bde-rich-text-44-104 bde-rich-text breakdance-rich-text-styles\">\n<p>Somos una consultar\u00eda de arquitectura que har\u00e1 realidad tus proyectos en edificaci\u00f3n.<\/p><p>Estamos especializamos en edificaci\u00f3n de bajo impacto, ofreciendo un abanico completo de servicios para hacer posible todos tus proyectos.<\/p>\n<\/div><div class=\"bde-rich-text-44-108 bde-rich-text breakdance-rich-text-styles\">\n<p><strong>Nuestros clientes est\u00e1n en el centro de nuestra estrategia 360.<\/strong><\/p>\n<\/div><div class=\"bde-image-44-105 bde-image\">\n<figure class=\"breakdance-image breakdance-image--343\">\n\t<div class=\"breakdance-image-container\">\n\t\t<div class=\"breakdance-image-clip\"><img decoding=\"async\" class=\"breakdance-image-object\" src=\"https:\/\/www.ebimct.com\/wp-content\/uploads\/2024\/01\/organigrama.png\" width=\"700\" height=\"735\" srcset=\"https:\/\/www.ebimct.com\/wp-content\/uploads\/2024\/01\/organigrama.png 700w, https:\/\/www.ebimct.com\/wp-content\/uploads\/2024\/01\/organigrama-286x300.png 286w\" sizes=\"auto, (max-width: 700px) 100vw, 700px\" loading=\"lazy\"><\/div>\n\t<\/div><\/figure>\n\n<\/div><\/div>\n<\/section><section class=\"bde-section-44-106 bde-section\">\n  \n  \n\t\n\n\n\n<div class=\"section-container\"><div class=\"bde-rich-text-44-107 bde-rich-text breakdance-rich-text-styles\">\n<p><em><strong>Elige Ebim para tu proyecto.<\/strong><\/em><\/p><p>En cada proyecto por peque\u00f1o que sea, dejamos una huella positiva para un ma\u00f1ana m\u00e1s sostenible.<\/p><p>Tu elecci\u00f3n importa, elige <strong class=\"featured\">construir un futuro sostenible con nosotros.<\/strong><\/p>\n<\/div><\/div>\n<\/section><section class=\"bde-section-44-137 bde-section\">\n  \n  \n\t\n\n\n\n<div class=\"section-container\"><h1 class=\"bde-heading-44-138 bde-heading\">\nLos Or\u00edgenes\n<\/h1><div class=\"bde-columns-44-140 bde-columns\"><div class=\"bde-column-44-141 bde-column\">\n  \n  \n\t\n\n\n\n<h2 class=\"bde-heading-44-143 bde-heading\">\nOr\u00edgenes\n<\/h2><div class=\"bde-rich-text-44-144 bde-rich-text breakdance-rich-text-styles\">\n<p>Todo empez\u00f3 con Enrique Estevez, contratista, apasionado por su oficio, comenz\u00f3 su viaje en el mundo de la construcci\u00f3n con una visi\u00f3n clara: crear edificaciones que perduren en el tiempo. Fund\u00f3 su empresa en 1976, con la convicci\u00f3n de que cada proyecto deb\u00eda reflejar tanto la dedicaci\u00f3n como el conocimiento acumulado a lo largo de los a\u00f1os. Desde sus inicios, Enrique supo combinar la tradici\u00f3n de la construcci\u00f3n con una constante b\u00fasqueda de la innovaci\u00f3n, marcando el camino hacia la edificaci\u00f3n de bajo constante b\u00fasqueda de innovaci\u00f3n, marcando el camino hacia la edificaci\u00f3n de bajo impacto medioambiental. Hoy, su legado sigue vivo en cada estructura que lleva su firma.<\/p>\n<\/div>\n<\/div><div class=\"bde-column-44-142 bde-column\">\n  \n  \n\t\n\n\n\n<div class=\"bde-image-44-145 bde-image\">\n<figure class=\"breakdance-image breakdance-image--418\">\n\t<div class=\"breakdance-image-container\">\n\t\t<div class=\"breakdance-image-clip\"><img loading=\"lazy\" decoding=\"async\" class=\"breakdance-image-object\" src=\"https:\/\/www.ebimct.com\/wp-content\/uploads\/2024\/01\/1-4.jpg\" width=\"774\" height=\"436\" srcset=\"https:\/\/www.ebimct.com\/wp-content\/uploads\/2024\/01\/1-4.jpg 774w, https:\/\/www.ebimct.com\/wp-content\/uploads\/2024\/01\/1-4-300x169.jpg 300w, https:\/\/www.ebimct.com\/wp-content\/uploads\/2024\/01\/1-4-768x433.jpg 768w, https:\/\/www.ebimct.com\/wp-content\/uploads\/2024\/01\/1-4-18x10.jpg 18w\" sizes=\"auto, (max-width: 774px) 100vw, 774px\"><\/div>\n\t<\/div><\/figure>\n\n<\/div>\n<\/div><\/div><div class=\"bde-columns-44-146 bde-columns\"><div class=\"bde-column-44-150 bde-column\">\n  \n  \n\t\n\n\n\n<div class=\"bde-image-44-151 bde-image\">\n<figure class=\"breakdance-image breakdance-image--420\">\n\t<div class=\"breakdance-image-container\">\n\t\t<div class=\"breakdance-image-clip\"><img loading=\"lazy\" decoding=\"async\" class=\"breakdance-image-object\" src=\"https:\/\/www.ebimct.com\/wp-content\/uploads\/2024\/01\/3-4.jpg\" width=\"775\" height=\"436\" srcset=\"https:\/\/www.ebimct.com\/wp-content\/uploads\/2024\/01\/3-4.jpg 775w, https:\/\/www.ebimct.com\/wp-content\/uploads\/2024\/01\/3-4-300x169.jpg 300w, https:\/\/www.ebimct.com\/wp-content\/uploads\/2024\/01\/3-4-768x432.jpg 768w, https:\/\/www.ebimct.com\/wp-content\/uploads\/2024\/01\/3-4-18x10.jpg 18w\" sizes=\"auto, (max-width: 775px) 100vw, 775px\"><\/div>\n\t<\/div><\/figure>\n\n<\/div>\n<\/div><div class=\"bde-column-44-147 bde-column\">\n  \n  \n\t\n\n\n\n<h2 class=\"bde-heading-44-148 bde-heading\">\nEl legado\n<\/h2><div class=\"bde-rich-text-44-149 bde-rich-text breakdance-rich-text-styles\">\n<p>Enrique Estevez hijo ha tomado el relevo, fortalecido por la dedicaci\u00f3n y el compromiso de cada proyecto. Arquitecto T\u00e9cnico especializado en Eficiencia Energ\u00e9tica, Inspector de amianto y API. Con un profundo respeto por la tradici\u00f3n familiar, ha sabido integrar las exigencias del presente, apostando por soluciones sostenibles y tecnol\u00f3gicamente avanzadas. SU objetivo es claro: ofrecer edificaciones de impacto medioambiental positivo, manteniendo la calidad y el rigor t\u00e9cnico que siempre ha caracterizado a la empresa. Con una mirada hacia el futuro, contin\u00faa el camino iniciado por su padre, guiado por la responsabilidad de construir no solo estructuras, sino tambi\u00e9n un mundo m\u00e1s consciente y eficiente.<\/p>\n<\/div>\n<\/div><\/div><\/div>\n<\/section><section class=\"bde-section-44-109 bde-section\">\n  \n  \n\t\n\n\n\n<div class=\"section-container\"><div class=\"bde-div-44-112 bde-div\">\n  \n  \n\t\n\n\n\n<h2 class=\"bde-heading-44-110 bde-heading\">\nQueremos ser tu t\u00e9cnico de cabecera:\n<\/h2><div class=\"bde-rich-text-44-111 bde-rich-text breakdance-rich-text-styles\">\n<p>Desde la concepci\u00f3n de la idea hasta la ejecuci\u00f3n final, seremos tu nexo \u00fanico y confiable.<\/p><p>Te asesoraremos en eficiencia energ\u00e9tica, elaborando informes t\u00e9cnicos, ejecutando tus proyectos y llevando a cabo inspecciones especializadas, comprometidos a ser el socio t\u00e9cnico que necesitas.<\/p><p>Conf\u00eda en el <strong>T\u00e9cnico de Cabecera<\/strong> para simplificar y potenciar tus proyectos, asegurando un enfoque integral y respaldado por la experiencia de nuestro equipo.<\/p>\n<\/div>\n<\/div><\/div>\n<\/section><section class=\"bde-section-44-126 bde-section\">\n  \n  \n\t\n\n\n\n<div class=\"section-container\"><div class=\"bde-grid-44-127 bde-grid\">\n  \n  \n\t\n\n\n\n<div class=\"bde-simple-counter-44-128 bde-simple-counter\">\n<div class=\"bde-simple-counter__wrapper\">\n  <div class=\"bde-simple-counter__number bde-h6\">\n    <span class=\"bde-simple-counter__prefix\"><\/span>\n    <span class=\"bde-simple-counter__digit js-digit\"><\/span>\n    <span class=\"bde-simple-counter__suffix\">+<\/span>\n  <\/div>\n    \t<div class=\"bde-simple-counter__title\" >Proyectos arquitectura<\/div>\n  <\/div>\n\n<\/div><div class=\"bde-simple-counter-44-129 bde-simple-counter\">\n<div class=\"bde-simple-counter__wrapper\">\n  <p class=\"bde-simple-counter__number bde-h6\">\n    <span class=\"bde-simple-counter__prefix\"><\/span>\n    <span class=\"bde-simple-counter__digit js-digit\"><\/span>\n    <span class=\"bde-simple-counter__suffix\">+<\/span>\n  <\/p>\n    \t<div class=\"bde-simple-counter__title\" >Proyectos arquitectura<\/div>\n  <\/div>\n\n<\/div><div class=\"bde-simple-counter-44-130 bde-simple-counter\">\n<div class=\"bde-simple-counter__wrapper\">\n  <p class=\"bde-simple-counter__number bde-h6\">\n    <span class=\"bde-simple-counter__prefix\"><\/span>\n    <span class=\"bde-simple-counter__digit js-digit\"><\/span>\n    <span class=\"bde-simple-counter__suffix\">+<\/span>\n  <\/p>\n    \t<div class=\"bde-simple-counter__title\" >Proyectos arquitectura<\/div>\n  <\/div>\n\n<\/div><div class=\"bde-simple-counter-44-131 bde-simple-counter\">\n<div class=\"bde-simple-counter__wrapper\">\n  <p class=\"bde-simple-counter__number bde-h6\">\n    <span class=\"bde-simple-counter__prefix\"><\/span>\n    <span class=\"bde-simple-counter__digit js-digit\"><\/span>\n    <span class=\"bde-simple-counter__suffix\">+<\/span>\n  <\/p>\n    \t<div class=\"bde-simple-counter__title\" >Proyectos arquitectura<\/div>\n  <\/div>\n\n<\/div>\n<\/div><\/div>\n<\/section><section class=\"bde-section-44-132 bde-section\">\n  \n  \n\t\n\n\n\n<div class=\"section-container\"><h2 class=\"bde-heading-44-133 bde-heading\">\nNoticias recientes\n<\/h2><div class=\"bde-text-44-134 bde-text\">\nLorem ipsum dolor sit amet, consectetur adipiscing elit.\n<\/div><div class=\"bde-post-loop-44-135 bde-post-loop\">\n<div class=\"bde-loop bde-loop-grid ee-posts ee-posts-grid\">    <article class=\"bde-loop-item ee-post\">\n        <a class=\"bde-container-link-119-106-116-119-1 bde-container-link bde-container-link-119-106 breakdance-link\" href=\"http:\/\/www.ebimct.com\/ca\/maecenas-varius-vitae-nulla-ut-porttitor\/\" target=\"_self\" data-type=\"url\">\n  \n  \n\t\n\n\n\n<div class=\"bde-image-119-100-116-119-1 bde-image bde-image-119-100\">\n<figure class=\"breakdance-image breakdance-image--117\">\n\t<div class=\"breakdance-image-container\">\n\t\t<div class=\"breakdance-image-clip\"><img decoding=\"async\" class=\"breakdance-image-object\" src=\"https:\/\/www.ebimct.com\/wp-content\/uploads\/2024\/01\/3.jpg\" width=\"1920\" height=\"1080\" srcset=\"https:\/\/www.ebimct.com\/wp-content\/uploads\/2024\/01\/3.jpg 1920w, https:\/\/www.ebimct.com\/wp-content\/uploads\/2024\/01\/3-300x169.jpg 300w, https:\/\/www.ebimct.com\/wp-content\/uploads\/2024\/01\/3-1024x576.jpg 1024w, https:\/\/www.ebimct.com\/wp-content\/uploads\/2024\/01\/3-768x432.jpg 768w, https:\/\/www.ebimct.com\/wp-content\/uploads\/2024\/01\/3-1536x864.jpg 1536w\" sizes=\"auto, (max-width: 1920px) 100vw, 1920px\" loading=\"lazy\"><\/div>\n\t<\/div><\/figure>\n\n<\/div><div class=\"bde-text-119-101-116-119-1 bde-text bde-text-119-101\">\ngener 8, 2024\n<\/div><h3 class=\"bde-heading-119-104-116-119-1 bde-heading bde-heading-119-104\">\nMaecenas varius vitae nulla ut porttitor\n<\/h3><div class=\"bde-text-119-103-116-119-1 bde-text bde-text-119-103\">\n<p>Lorem ipsum dolor sit amet, consectetur adipiscing elit. Proin pharetra congue ornare. Etiam convallis dolor eget elementum suscipit. Mauris at est vitae diam pulvinar venenatis in ut enim. Fusce ornare, metus vel mattis congue, sapien ligula tristique quam, et volutpat augue odio non risus. Proin vel luctus metus. Phasellus sit amet luctus elit, sit amet [&hellip;]<\/p>\n\n<\/div>\n\n<\/a>    <\/article>\n    <article class=\"bde-loop-item ee-post\">\n        <a class=\"bde-container-link-119-106-113-119-1 bde-container-link bde-container-link-119-106 breakdance-link\" href=\"http:\/\/www.ebimct.com\/ca\/nunc-pretium-est-eu-turpis-fringilla-varius-imperdiet-nulla-sodales\/\" target=\"_self\" data-type=\"url\">\n  \n  \n\t\n\n\n\n<div class=\"bde-image-119-100-113-119-1 bde-image bde-image-119-100\">\n<figure class=\"breakdance-image breakdance-image--114\">\n\t<div class=\"breakdance-image-container\">\n\t\t<div class=\"breakdance-image-clip\"><img decoding=\"async\" class=\"breakdance-image-object\" src=\"https:\/\/www.ebimct.com\/wp-content\/uploads\/2024\/01\/2.jpg\" width=\"1920\" height=\"1080\" srcset=\"https:\/\/www.ebimct.com\/wp-content\/uploads\/2024\/01\/2.jpg 1920w, https:\/\/www.ebimct.com\/wp-content\/uploads\/2024\/01\/2-300x169.jpg 300w, https:\/\/www.ebimct.com\/wp-content\/uploads\/2024\/01\/2-1024x576.jpg 1024w, https:\/\/www.ebimct.com\/wp-content\/uploads\/2024\/01\/2-768x432.jpg 768w, https:\/\/www.ebimct.com\/wp-content\/uploads\/2024\/01\/2-1536x864.jpg 1536w\" sizes=\"auto, (max-width: 1920px) 100vw, 1920px\" loading=\"lazy\"><\/div>\n\t<\/div><\/figure>\n\n<\/div><div class=\"bde-text-119-101-113-119-1 bde-text bde-text-119-101\">\ngener 8, 2024\n<\/div><h3 class=\"bde-heading-119-104-113-119-1 bde-heading bde-heading-119-104\">\nNunc pretium est eu turpis fringilla varius imperdiet nulla sodales\n<\/h3><div class=\"bde-text-119-103-113-119-1 bde-text bde-text-119-103\">\n<p>Lorem ipsum dolor sit amet, consectetur adipiscing elit. Phasellus sagittis vitae nisi sed tempus. Nullam consequat, magna a malesuada dignissim, leo nulla tincidunt urna, nec faucibus velit mi id tortor. In ut pellentesque nisi, id gravida nibh. In metus velit, aliquet vel feugiat quis, pulvinar eu libero. Ut vel commodo ex. Duis eget orci in [&hellip;]<\/p>\n\n<\/div>\n\n<\/a>    <\/article>\n    <article class=\"bde-loop-item ee-post\">\n        <a class=\"bde-container-link-119-106-110-119-1 bde-container-link bde-container-link-119-106 breakdance-link\" href=\"http:\/\/www.ebimct.com\/ca\/lorem-ipsum-dolor-sit-amet-consectetur-adipiscing-elit\/\" target=\"_self\" data-type=\"url\">\n  \n  \n\t\n\n\n\n<div class=\"bde-image-119-100-110-119-1 bde-image bde-image-119-100\">\n<figure class=\"breakdance-image breakdance-image--112\">\n\t<div class=\"breakdance-image-container\">\n\t\t<div class=\"breakdance-image-clip\"><img decoding=\"async\" class=\"breakdance-image-object\" src=\"https:\/\/www.ebimct.com\/wp-content\/uploads\/2024\/01\/1.jpg\" width=\"1920\" height=\"1080\" srcset=\"https:\/\/www.ebimct.com\/wp-content\/uploads\/2024\/01\/1.jpg 1920w, https:\/\/www.ebimct.com\/wp-content\/uploads\/2024\/01\/1-300x169.jpg 300w, https:\/\/www.ebimct.com\/wp-content\/uploads\/2024\/01\/1-1024x576.jpg 1024w, https:\/\/www.ebimct.com\/wp-content\/uploads\/2024\/01\/1-768x432.jpg 768w, https:\/\/www.ebimct.com\/wp-content\/uploads\/2024\/01\/1-1536x864.jpg 1536w\" sizes=\"auto, (max-width: 1920px) 100vw, 1920px\" loading=\"lazy\"><\/div>\n\t<\/div><\/figure>\n\n<\/div><div class=\"bde-text-119-101-110-119-1 bde-text bde-text-119-101\">\ngener 8, 2024\n<\/div><h3 class=\"bde-heading-119-104-110-119-1 bde-heading bde-heading-119-104\">\nLorem ipsum dolor sit amet consectetur adipiscing elit\n<\/h3><div class=\"bde-text-119-103-110-119-1 bde-text bde-text-119-103\">\n<p>Lorem ipsum dolor sit amet, consectetur adipiscing elit. Donec dictum accumsan est, at sagittis nulla molestie non. Morbi at mauris ut sem convallis iaculis. Suspendisse in lacus eget massa fringilla viverra ut at sem. Vivamus sed erat eget felis blandit sagittis quis nec felis. Mauris rhoncus gravida fringilla. Aliquam luctus lorem nulla, vitae consectetur ante [&hellip;]<\/p>\n\n<\/div>\n\n<\/a>    <\/article>\n<\/div>\n\n<\/div><div class=\"bde-button-44-136 bde-button\">\n    \n                                    \n    \n    \n    \n    \n            \n                    \n            \n            \n\n    \n    \n    \n    \n    \n    <a class=\"breakdance-link button-atom button-atom--primary bde-button__button\" href=\"https:\/\/www.ebimct.com\/ca\/noticias\/\" target=\"_self\" data-type=\"url\"  >\n\n    \n        <span class=\"button-atom__text\">\u2192 Ver m\u00e1s<\/span>\n\n        \n        \n                <\/a>\n\n    \n\n\n<\/div><\/div>\n<\/section>","protected":false},"excerpt":{"rendered":"<p>Ebim,Empresa Sobre nosotros Somos una consultar\u00eda de arquitectura que har\u00e1 realidad tus proyectos en edificaci\u00f3n.Estamos especializamos en edificaci\u00f3n de bajo impacto, ofreciendo un abanico completo de servicios para hacer posible todos tus proyectos. Nuestros clientes est\u00e1n en el centro de nuestra estrategia 360. Elige Ebim para tu proyecto.En cada proyecto por peque\u00f1o que sea, dejamos [&hellip;]<\/p>","protected":false},"author":1,"featured_media":0,"parent":0,"menu_order":0,"comment_status":"closed","ping_status":"closed","template":"","meta":{"_acf_changed":false,"_breakdance_hide_in_design_set":false,"_breakdance_tags":"","_joinchat":[],"footnotes":""},"class_list":["post-44","page","type-page","status-publish","hentry"],"acf":[],"_links":{"self":[{"href":"http:\/\/www.ebimct.com\/ca\/wp-json\/wp\/v2\/pages\/44","targetHints":{"allow":["GET"]}}],"collection":[{"href":"http:\/\/www.ebimct.com\/ca\/wp-json\/wp\/v2\/pages"}],"about":[{"href":"http:\/\/www.ebimct.com\/ca\/wp-json\/wp\/v2\/types\/page"}],"author":[{"embeddable":true,"href":"http:\/\/www.ebimct.com\/ca\/wp-json\/wp\/v2\/users\/1"}],"replies":[{"embeddable":true,"href":"http:\/\/www.ebimct.com\/ca\/wp-json\/wp\/v2\/comments?post=44"}],"version-history":[{"count":23,"href":"http:\/\/www.ebimct.com\/ca\/wp-json\/wp\/v2\/pages\/44\/revisions"}],"predecessor-version":[{"id":493,"href":"http:\/\/www.ebimct.com\/ca\/wp-json\/wp\/v2\/pages\/44\/revisions\/493"}],"wp:attachment":[{"href":"http:\/\/www.ebimct.com\/ca\/wp-json\/wp\/v2\/media?parent=44"}],"curies":[{"name":"wp","href":"https:\/\/api.w.org\/{rel}","templated":true}]}}