{"id":300,"date":"2024-01-09T13:43:38","date_gmt":"2024-01-09T12:43:38","guid":{"rendered":"https:\/\/www.ebimct.com\/?page_id=300"},"modified":"2025-02-27T11:08:39","modified_gmt":"2025-02-27T10:08:39","slug":"politica-de-privacidad","status":"publish","type":"page","link":"https:\/\/www.ebimct.com\/ca\/politica-de-privacidad\/","title":{"rendered":"Pol\u00edtica de Privacidad"},"content":{"rendered":"<style>.breakdance .bde-section-300-102{background-image:url(https:\/\/www.ebimct.com\/wp-content\/uploads\/2024\/01\/banner_contacto.jpg)}.breakdance .bde-section-300-102>.section-background-overlay{background-color:#000;transition:background-color var(--bde-transition-duration) ease-in-out}.breakdance .bde-section-300-102>.section-background-overlay{opacity:0.4}<\/style><section class=\"bde-section-300-102 bde-section\">\n              \n  \n  \n\t\n\n  <div class=\"section-background-overlay\"><\/div>\n\n\n<div class=\"section-container\"><h1 class=\"bde-heading-300-103 bde-heading\">\nPol\u00edtica de Privacidad\n<\/h1><div class=\"bde-breadcrumbs-300-104 bde-breadcrumbs\">\n\n<\/div><\/div>\n<\/section><section class=\"bde-section-300-105 bde-section\">\n  \n  \n\t\n\n\n\n<div class=\"section-container\"><div class=\"bde-rich-text-300-106 bde-rich-text breakdance-rich-text-styles\">\n<p>POL\u00cdTICA DE PRIVACITAT<\/p><p><br \/>1. INFORMACI\u00d3 PER A L\u2019USUARI<\/p><p><br \/>Qui \u00e9s el responsable del tractament de les teves dades personals?<br \/>Ebim consultoria tecnica, S.L. \u00e9s el RESPONSABLE del tractament de les dades personals de l\u2019USUARI i l\u2019informa<br \/>que aquestes dades es tractaran de conformitat amb el que disposa el Reglament (UE) 2016\/679, de 27 d\u2019abril (GDPR),<br \/>i la Llei Org\u00e0nica 3\/2018, de 5 de desembre (LOPDGDD).<\/p><p><br \/>Perqu\u00e8 tractem les teves dades personals?<\/p><p><br \/>Per mantenir una relaci\u00f3 comercial amb l\u2019usuari. Les operacions previstes per fer el tractament s\u00f3n:<br \/>Remesa de comunicacions comercials publicit\u00e0ries per e-mail, fax, SMS, MMS, xarxes socials o qualsevol altre<br \/>mitj\u00e0 electr\u00f2nic o f\u00edsic, present o futur, que permeti efectuar comunicacions comercials. Aquestes comunicacions<br \/>s\u2019han de fer per mitj\u00e0 del RESPONSABLE i estan relacionades amb els seus productes i serveis, o amb els seus<br \/>col\u00b7laboradors o prove\u00efdors, amb els quals hagi arribat a algun acord de promoci\u00f3. En aquest cas, els tercers no<br \/>tindran mai acc\u00e9s a les dades personals.<br \/>Efectuar estudis de mercat i an\u00e0lisis estad\u00edstiques.<br \/>Tramitar enc\u00e0rrecs de peticions, donar resposta a les consultes o qualsevol tipus de petici\u00f3 que faci l\u2019USUARI a<br \/>trav\u00e9s de qualsevol de les formes de contacte que es posen a la seva disposici\u00f3 a la p\u00e0gina web del<br \/>RESPONSABLE.<br \/>Enviar el butllet\u00ed informatiu online, sobre novetats, ofertes i promocions en la nostra activitat.<br \/>Per quin motiu podem tractar les teves dades personals?<br \/>Perqu\u00e8 el tractament est\u00e0 legitimat per l\u2019article 6 del GDPR de la seg\u00fcent manera:<br \/>Amb el consentiment de l\u2019USUARI: enviament de comunicacions comercials i del butllet\u00ed informatiu.<br \/>Per inter\u00e8s leg\u00edtim del RESPONSABLE: efectuar estudis de mercat, an\u00e0lisis estad\u00edstiques, etc. i tramitar<br \/>enc\u00e0rrecs, sol\u00b7licituds, etc. a petici\u00f3 de l\u2019USUARI.<\/p><p><br \/>Durant quant de temps guardarem les teves dades personals?<\/p><p><br \/>Es conservaran durant no m\u00e9s temps del necessari per mantenir la finalitat del tractament o mentre hi hagi prescripcions<br \/>legals que en dictaminin la cust\u00f2dia i quan ja no sigui necessari per a aix\u00f2, se suprimiran amb mesures de seguretat<br \/>adequades per garantir l\u2019anonimitzaci\u00f3 de les dades o la seva destrucci\u00f3 total.<br \/>A qui facilitem les teves dades personals?<br \/>No est\u00e0 prevista cap comunicaci\u00f3 de dades personals a tercers excepte, si fos necessari per al desenvolupament i<br \/>execuci\u00f3 de les finalitats del tractament, als nostres prove\u00efdors de serveis relacionats amb comunicacions, amb els<br \/>quals el RESPONSABLE ha formalitzat els contractes de confidencialitat i d\u2019encarregat de tractament exigits per la<br \/>normativa vigent de privacitat.<br \/>1<br \/>Ebim consultoria tecnica, S.L.Ebim consultoria tecnica, S.L.<\/p><p><br \/>Quins s\u00f3n els teus drets?<\/p><p><br \/>Els drets que t\u00e9 l\u2019USUARI s\u00f3n:<br \/>Dret a retirar el consentiment en qualsevol moment.<br \/>Dret d\u2019acc\u00e9s, rectificaci\u00f3, portabilitat i supressi\u00f3 de les seves dades i de limitaci\u00f3 o oposici\u00f3 al seu tractament.<br \/>Dret a presentar una reclamaci\u00f3 davant l\u2019autoritat de control (www.aepd.es) si considera que el tractament no<br \/>s\u2019ajusta a la normativa vigent.<\/p><p><br \/>Dades de contacte per exercir els seus drets:<br \/>Ebim consultoria tecnica, S.L.. c\/Joan Mir\u00f3 i Ferr\u00e0, 6 - 08310 Argentona (Barcelona). E-mail: info@ebimct.com<\/p><p><br \/>2. CAR\u00c0CTER OBLIGATORI O FACULTATIU DE LA INFORMACI\u00d3 FACILITADA PER L\u2019USUARI<\/p><p><br \/>Els USUARIS, per mitj\u00e0 de les caselles corresponents i la introducci\u00f3 de dades en els camps, marcats amb l\u2019asterisc (*)<br \/>en el formulari de contacte o presentats en formularis de desc\u00e0rrega, accepten expressament i de manera lliure i<br \/>inequ\u00edvoca, que les seves dades s\u00f3n necess\u00e0ries per a l\u2019atenci\u00f3 de la seva petici\u00f3, per part del prestador, i que per tant<br \/>la inclusi\u00f3 de les dades en els camps restants \u00e9s volunt\u00e0ria. L\u2019USUARI garanteix que les dades personals facilitades al<br \/>RESPONSABLE s\u00f3n ver\u00eddiques i es fa responsable de comunicar-ne qualsevol modificaci\u00f3.<br \/>El RESPONSABLE informa que totes les dades sol\u00b7licitades a trav\u00e9s del lloc web s\u00f3n obligat\u00f2ries, ja que s\u00f3n<br \/>necess\u00e0ries per a la prestaci\u00f3 d\u2019un servei \u00f2ptim a l\u2019USUARI. En cas que no es facilitin totes les dades, no es garanteix<br \/>que la informaci\u00f3 i serveis facilitats s\u2019ajustin completament a les seves necessitats.<\/p><p><br \/>3. MESURES DE SEGURETAT<\/p><p><br \/>Que, de conformitat amb el que estableixen les normatives vigents en protecci\u00f3 de dades personals, el RESPONSABLE<br \/>est\u00e0 complint amb totes les disposicions de les normatives GDPR i LOPDGDD per al tractament de les dades personals<br \/>de la seva responsabilitat, i manifestament amb els principis descrits a l\u2019article 5 del GDPR, pels quals es tracten de<br \/>manera l\u00edcita, lleial i transparent en relaci\u00f3 amb l\u2019interessat i adequades, pertinents i limitades al que \u00e9s necessari en<br \/>relaci\u00f3 amb les finalitats per a les quals es tracten.<br \/>El RESPONSABLE garanteix que ha implementat pol\u00edtiques t\u00e8cniques i organitzatives apropiades per aplicar les<br \/>mesures de seguretat que estableixen el GDPR i la LOPDGDD per tal de protegir els drets i llibertats dels USUARIS i els<br \/>ha comunicat la informaci\u00f3 adequada perqu\u00e8 puguin exercir-los.<br \/>Per a m\u00e9s informaci\u00f3 sobre les garanties de privacitat, pots dirigir-te al RESPONSABLE a trav\u00e9s de Ebim consultoria<br \/>tecnica, S.L.. c\/Joan Mir\u00f3 i Ferr\u00e0, 6 - 08310 Argentona (Barcelona). E-mail: info@ebimct.com<\/p>\n<\/div><\/div>\n<\/section>","protected":false},"excerpt":{"rendered":"<p>Pol\u00edtica de Privacidad POL\u00cdTICA DE PRIVACITAT1. INFORMACI\u00d3 PER A L\u2019USUARIQui \u00e9s el responsable del tractament de les teves dades personals?Ebim consultoria tecnica, S.L. \u00e9s el RESPONSABLE del tractament de les dades personals de l\u2019USUARI i l\u2019informaque aquestes dades es tractaran de conformitat amb el que disposa el Reglament (UE) 2016\/679, de 27 d\u2019abril (GDPR),i la [&hellip;]<\/p>","protected":false},"author":1,"featured_media":0,"parent":0,"menu_order":0,"comment_status":"closed","ping_status":"closed","template":"","meta":{"_acf_changed":false,"_breakdance_hide_in_design_set":false,"_breakdance_tags":"","_joinchat":[],"footnotes":""},"class_list":["post-300","page","type-page","status-publish","hentry"],"acf":[],"_links":{"self":[{"href":"https:\/\/www.ebimct.com\/ca\/wp-json\/wp\/v2\/pages\/300","targetHints":{"allow":["GET"]}}],"collection":[{"href":"https:\/\/www.ebimct.com\/ca\/wp-json\/wp\/v2\/pages"}],"about":[{"href":"https:\/\/www.ebimct.com\/ca\/wp-json\/wp\/v2\/types\/page"}],"author":[{"embeddable":true,"href":"https:\/\/www.ebimct.com\/ca\/wp-json\/wp\/v2\/users\/1"}],"replies":[{"embeddable":true,"href":"https:\/\/www.ebimct.com\/ca\/wp-json\/wp\/v2\/comments?post=300"}],"version-history":[{"count":4,"href":"https:\/\/www.ebimct.com\/ca\/wp-json\/wp\/v2\/pages\/300\/revisions"}],"predecessor-version":[{"id":530,"href":"https:\/\/www.ebimct.com\/ca\/wp-json\/wp\/v2\/pages\/300\/revisions\/530"}],"wp:attachment":[{"href":"https:\/\/www.ebimct.com\/ca\/wp-json\/wp\/v2\/media?parent=300"}],"curies":[{"name":"wp","href":"https:\/\/api.w.org\/{rel}","templated":true}]}}