{"id":48,"date":"2024-01-08T12:26:05","date_gmt":"2024-01-08T11:26:05","guid":{"rendered":"https:\/\/www.ebimct.com\/?page_id=48"},"modified":"2025-11-24T12:48:37","modified_gmt":"2025-11-24T11:48:37","slug":"contacto","status":"publish","type":"page","link":"https:\/\/www.ebimct.com\/ca\/contacto\/","title":{"rendered":"Contacto"},"content":{"rendered":"<section class=\"bde-section-48-100 bde-section\">\n  \n  \n\t\n\n\n\n<div class=\"section-container\"><h1 class=\"bde-heading-48-101 bde-heading\">\nContacto\n<\/h1><div class=\"bde-breadcrumbs-48-118 bde-breadcrumbs\">\n\n<\/div><\/div>\n<\/section><section class=\"bde-section-48-102 bde-section\">\n  \n  \n\t\n\n\n\n<div class=\"section-container\"><div class=\"bde-columns-48-103 bde-columns\"><div class=\"bde-column-48-104 bde-column\">\n  \n  \n\t\n\n\n\n<h2 class=\"bde-heading-48-106 bde-heading\">\nP\u00f3ngase en contacto con nosotros\n<\/h2><div class=\"bde-text-48-111 bde-text\">\nTel\u00e9fono\n<\/div><a class=\"bde-text-link-48-113 bde-text-link breakdance-link\" href=\"tel:+34639507324\" target=\"_self\" data-type=\"url\">\n  639 507 324\n\n<\/a><div class=\"bde-text-48-114 bde-text\">\nCorreo electr\u00f3nico\n<\/div><a class=\"bde-text-link-48-115 bde-text-link breakdance-link\" href=\"mailto:info@ebimct.com\" target=\"_self\" data-type=\"url\">\n  info@ebimct.com\n\n<\/a>\n<\/div><div class=\"bde-column-48-105 bde-column\">\n  \n  \n\t\n\n\n\n<h2 class=\"bde-heading-48-116 bde-heading\">\nEnv\u00edanos mensaje\n<\/h2><div class=\"bde-form-builder-48-117 bde-form-builder\">\n\n\n<form id=\"contacto117\" class=\"breakdance-form breakdance-form--vertical\" data-options=\"{&quot;slug&quot;:&quot;custom&quot;,&quot;name&quot;:&quot;Contacto&quot;,&quot;ajaxUrl&quot;:&quot;https:\\\/\\\/www.ebimct.com\\\/wp-admin\\\/admin-ajax.php&quot;,&quot;clearOnSuccess&quot;:true,&quot;hideOnSuccess&quot;:false,&quot;successMessage&quot;:&quot;El mensaje ha sido enviado con \\u00e9xito&quot;,&quot;errorMessage&quot;:&quot;Algo ha fallado&quot;,&quot;redirect&quot;:false,&quot;redirectUrl&quot;:&quot;&quot;,&quot;customJavaScript&quot;:&quot;&quot;,&quot;recaptcha&quot;:{&quot;key&quot;:&quot;&quot;,&quot;enabled&quot;:false},&quot;honeypot_enabled&quot;:true,&quot;popupsOnSuccess&quot;:[],&quot;popupsOnError&quot;:[]}\" data-steps=\"0\" action=\"\" >\n  \n  \n  \n<div class=\"breakdance-form-field breakdance-form-field--text\" >\n    \n    \n            <label class=\"breakdance-form-field__label\" for=\"name\">\n            Nombre<span class=\"breakdance-form-field__required\">*<\/span>\n        <\/label>\n    \n    <input\n    class=\"breakdance-form-field__input\"\n    id=\"name\"\n    aria-describedby=\"name\"\n    type=\"text\"\n    name=\"fields[name]\"\n    placeholder=\"\"\n    value=\"\"\n                \n        \n        \n    required\n>\n\n\n    \n    \n<\/div>\n\n\n<div class=\"breakdance-form-field breakdance-form-field--tel\" >\n    \n    \n            <label class=\"breakdance-form-field__label\" for=\"phone\">\n            Tel\u00e9fono\n        <\/label>\n    \n    <input\n    class=\"breakdance-form-field__input\"\n    id=\"phone\"\n    aria-describedby=\"phone\"\n    type=\"tel\"\n    name=\"fields[phone]\"\n    placeholder=\"\"\n    value=\"\"\n                \n        \n        \n    \n    \n    \n    \n>\n\n\n    \n    \n<\/div>\n\n\n<div class=\"breakdance-form-field breakdance-form-field--email\" >\n    \n    \n            <label class=\"breakdance-form-field__label\" for=\"email\">\n            Correo electr\u00f3nico<span class=\"breakdance-form-field__required\">*<\/span>\n        <\/label>\n    \n    <input\n    class=\"breakdance-form-field__input\"\n    id=\"email\"\n    aria-describedby=\"email\"\n    type=\"email\"\n    name=\"fields[email]\"\n    placeholder=\"\"\n    value=\"\"\n                \n        \n        \n    required\n>\n\n\n    \n    \n<\/div>\n\n\n<div class=\"breakdance-form-field breakdance-form-field--textarea\" >\n    \n    \n            <label class=\"breakdance-form-field__label\" for=\"message\">\n            Mensaje<span class=\"breakdance-form-field__required\">*<\/span>\n        <\/label>\n    \n    <textarea\n    class=\"breakdance-form-field__input\"\n    id=\"message\"\n    aria-describedby=\"message\"\n    type=\"textarea\"\n    name=\"fields[message]\"\n        placeholder=\"\"\n    required\n>\n<\/textarea>\n\n\n    \n    \n<\/div>\n\n\n<div class=\"breakdance-form-field breakdance-form-field--checkbox\" >\n    \n    \n    \n    <fieldset role=\"group\"\n    aria-label=\"Legal\"\n    >\n       <legend class=\"breakdance-form-field__label\">Legal<\/legend>\n          <div class=\"breakdance-form-checkbox\">\n          <input\n              type=\"checkbox\"\n              name=\"fields[privacy_policy]\"\n              value=\"\u2705\"\n              id=\"privacy_policy-1\"\n              \n                        >\n          <label class=\"breakdance-form-checkbox__text\" for=\"privacy_policy-1\">He le\u00eddo y acepto la <a href=\"https:\/\/www.ebimct.com\/ca\/politica-de-privacidad\/\" target=\"_blank\">pol\u00edtica de privacidad<\/a><\/label>\n      <\/div>\n  <\/fieldset>\n\n\n\n    \n    \n<\/div>\n\n\n<div class=\"breakdance-form-field breakdance-form-field--hpinput\" >\n    \n    \n            <label class=\"breakdance-form-field__label\" for=\"hpname\">\n            HP Name\n        <\/label>\n    \n    <input\n    class=\"breakdance-form-field__input\"\n    id=\"hpname\"\n    aria-describedby=\"hpname\"\n    type=\"hpinput\"\n    name=\"fields[hpname]\"\n    placeholder=\"\"\n    value=\"\"\n                \n        \n        \n    \n    autocomplete=\"off\"\n    tabindex=\"-1\"\n    \n>\n\n\n    \n    \n<\/div>\n\n\n  \n\n<div class=\"breakdance-form-field breakdance-form-footer\">\n    \n    \n                                    \n    \n    \n    \n    \n            \n            <button type=\"submit\" class=\"button-atom button-atom--primary breakdance-form-button breakdance-form-button__submit\"  >\n    \n        <span class=\"button-atom__text\">Enviar mensaje<\/span>\n\n        \n        \n            <\/button>\n    \n    <input type=\"hidden\" name=\"form_id\" value=\"117\">\n    <input type=\"hidden\" name=\"post_id\" value=\"48\">\n<\/div>\n\n  \n<input type=\"hidden\" name=\"trp-form-language\" value=\"ca\"\/><\/form>\n\n\n\n<\/div>\n<\/div><\/div><\/div>\n<\/section>","protected":false},"excerpt":{"rendered":"<p>Contacto P\u00f3ngase en contacto con nosotros Tel\u00e9fono 639 507 324 Correo electr\u00f3nico info@ebimct.com Env\u00edanos mensaje Nombre* Tel\u00e9fono Correo electr\u00f3nico* Mensaje* Legal He le\u00eddo y acepto la pol\u00edtica de privacidad HP Name Enviar mensaje<\/p>","protected":false},"author":1,"featured_media":0,"parent":0,"menu_order":0,"comment_status":"closed","ping_status":"closed","template":"","meta":{"_acf_changed":false,"_breakdance_hide_in_design_set":false,"_breakdance_tags":"","_joinchat":[],"footnotes":""},"class_list":["post-48","page","type-page","status-publish","hentry"],"acf":[],"_links":{"self":[{"href":"https:\/\/www.ebimct.com\/ca\/wp-json\/wp\/v2\/pages\/48","targetHints":{"allow":["GET"]}}],"collection":[{"href":"https:\/\/www.ebimct.com\/ca\/wp-json\/wp\/v2\/pages"}],"about":[{"href":"https:\/\/www.ebimct.com\/ca\/wp-json\/wp\/v2\/types\/page"}],"author":[{"embeddable":true,"href":"https:\/\/www.ebimct.com\/ca\/wp-json\/wp\/v2\/users\/1"}],"replies":[{"embeddable":true,"href":"https:\/\/www.ebimct.com\/ca\/wp-json\/wp\/v2\/comments?post=48"}],"version-history":[{"count":12,"href":"https:\/\/www.ebimct.com\/ca\/wp-json\/wp\/v2\/pages\/48\/revisions"}],"predecessor-version":[{"id":545,"href":"https:\/\/www.ebimct.com\/ca\/wp-json\/wp\/v2\/pages\/48\/revisions\/545"}],"wp:attachment":[{"href":"https:\/\/www.ebimct.com\/ca\/wp-json\/wp\/v2\/media?parent=48"}],"curies":[{"name":"wp","href":"https:\/\/api.w.org\/{rel}","templated":true}]}}